{"id":12309,"date":"2019-01-24T18:19:27","date_gmt":"2019-01-24T18:19:27","guid":{"rendered":"https:\/\/rdpropertiestenerife.com\/?page_id=12309"},"modified":"2019-02-04T16:55:58","modified_gmt":"2019-02-04T16:55:58","slug":"richieste","status":"publish","type":"page","link":"https:\/\/rdpropertiestenerife.com\/it\/richieste\/","title":{"rendered":"Richieste"},"content":{"rendered":"<h4>Cerchi una propriet\u00e1 che si adatti alle tue necessit\u00e1? Completa il seguente questionario. Ti contatteremo nel pi\u00fa breve tempo possibile!<\/h4>\n<p><div role=\"form\" class=\"wpcf7\" id=\"wpcf7-f12299-o1\" lang=\"en-US\" dir=\"ltr\">\n<div class=\"screen-reader-response\"><p role=\"status\" aria-live=\"polite\" aria-atomic=\"true\"><\/p> <ul><\/ul><\/div>\n<form action=\"\/it\/wp-json\/wp\/v2\/pages\/12309#wpcf7-f12299-o1\" method=\"post\" class=\"wpcf7-form init\" novalidate=\"novalidate\" data-status=\"init\">\n<div style=\"display: none;\">\n<input type=\"hidden\" name=\"_wpcf7\" value=\"12299\" \/>\n<input type=\"hidden\" name=\"_wpcf7_version\" value=\"5.5.6\" \/>\n<input type=\"hidden\" name=\"_wpcf7_locale\" value=\"en_US\" \/>\n<input type=\"hidden\" name=\"_wpcf7_unit_tag\" value=\"wpcf7-f12299-o1\" \/>\n<input type=\"hidden\" name=\"_wpcf7_container_post\" value=\"0\" \/>\n<input type=\"hidden\" name=\"_wpcf7_posted_data_hash\" value=\"\" \/>\n<input type=\"hidden\" name=\"_wpcf7cf_hidden_group_fields\" value=\"[]\" \/>\n<input type=\"hidden\" name=\"_wpcf7cf_hidden_groups\" value=\"[]\" \/>\n<input type=\"hidden\" name=\"_wpcf7cf_visible_groups\" value=\"[]\" \/>\n<input type=\"hidden\" name=\"_wpcf7cf_repeaters\" value=\"[]\" \/>\n<input type=\"hidden\" name=\"_wpcf7cf_steps\" value=\"{}\" \/>\n<input type=\"hidden\" name=\"_wpcf7cf_options\" value=\"{&quot;form_id&quot;:12299,&quot;conditions&quot;:[],&quot;settings&quot;:{&quot;animation&quot;:&quot;yes&quot;,&quot;animation_intime&quot;:200,&quot;animation_outtime&quot;:200,&quot;conditions_ui&quot;:&quot;normal&quot;,&quot;notice_dismissed&quot;:false,&quot;notice_dismissed_update-cf7-5.6.1&quot;:true,&quot;notice_dismissed_update-cf7-5.6.3&quot;:true,&quot;notice_dismissed_update-cf7-5.7.6&quot;:true}}\" \/>\n<input type=\"hidden\" name=\"_wpcf7_recaptcha_response\" value=\"\" \/>\n<\/div>\n<div class=\"richieste\">\n<div class=\"intera\">\n<label> Nome e Cognome (Obbligatorio)<br \/>\n    <span class=\"wpcf7-form-control-wrap nome\"><input type=\"text\" name=\"nome\" value=\"\" size=\"40\" class=\"wpcf7-form-control wpcf7-text wpcf7-validates-as-required\" aria-required=\"true\" aria-invalid=\"false\" \/><\/span> <\/label>\n<\/div>\n<div class=\"intera\">\n<label> Email (Obbligatorio)<br \/>\n    <span class=\"wpcf7-form-control-wrap email\"><input type=\"email\" name=\"email\" value=\"\" size=\"40\" class=\"wpcf7-form-control wpcf7-text wpcf7-email wpcf7-validates-as-required wpcf7-validates-as-email\" aria-required=\"true\" aria-invalid=\"false\" \/><\/span> <\/label>\n<\/div>\n<div class=\"contenitore-meta\">\n<div class=\"meta\">\n<label> Telefono (Obbligatorio)<br \/>\n    <span class=\"wpcf7-form-control-wrap telefono\"><input type=\"text\" name=\"telefono\" value=\"\" size=\"40\" class=\"wpcf7-form-control wpcf7-text wpcf7-validates-as-required\" aria-required=\"true\" aria-invalid=\"false\" \/><\/span> <\/label>\n<\/div>\n<\/div>\n<div class=\"intera\">\n<label>Motivo dell'acquisto (Obbligatorio)<\/label><br \/>\n<span class=\"wpcf7-form-control-wrap motivo_acquisto\"><span class=\"wpcf7-form-control wpcf7-checkbox wpcf7-validates-as-required\"><span class=\"wpcf7-list-item first\"><input type=\"checkbox\" name=\"motivo_acquisto[]\" value=\"Rendita-Affitto\" \/><span class=\"wpcf7-list-item-label\">Rendita-Affitto<\/span><\/span><span class=\"wpcf7-list-item\"><input type=\"checkbox\" name=\"motivo_acquisto[]\" value=\"Compravendita a medio termine\" \/><span class=\"wpcf7-list-item-label\">Compravendita a medio termine<\/span><\/span><span class=\"wpcf7-list-item last\"><input type=\"checkbox\" name=\"motivo_acquisto[]\" value=\"Abitazione\" \/><span class=\"wpcf7-list-item-label\">Abitazione<\/span><\/span><\/span><\/span>\n<\/div>\n<div class=\"intera\">\n<label>Che tipo di casa cerchi (Obbligatorio)<\/label><br \/>\n<span class=\"wpcf7-form-control-wrap tipo_casa\"><span class=\"wpcf7-form-control wpcf7-checkbox wpcf7-validates-as-required\"><span class=\"wpcf7-list-item first\"><input type=\"checkbox\" name=\"tipo_casa[]\" value=\"Studio\" \/><span class=\"wpcf7-list-item-label\">Studio<\/span><\/span><span class=\"wpcf7-list-item\"><input type=\"checkbox\" name=\"tipo_casa[]\" value=\"Una camera\" \/><span class=\"wpcf7-list-item-label\">Una camera<\/span><\/span><span class=\"wpcf7-list-item\"><input type=\"checkbox\" name=\"tipo_casa[]\" value=\"Due camere\" \/><span class=\"wpcf7-list-item-label\">Due camere<\/span><\/span><span class=\"wpcf7-list-item\"><input type=\"checkbox\" name=\"tipo_casa[]\" value=\"Tre camere\" \/><span class=\"wpcf7-list-item-label\">Tre camere<\/span><\/span><span class=\"wpcf7-list-item\"><input type=\"checkbox\" name=\"tipo_casa[]\" value=\"Casa a schiera\" \/><span class=\"wpcf7-list-item-label\">Casa a schiera<\/span><\/span><span class=\"wpcf7-list-item\"><input type=\"checkbox\" name=\"tipo_casa[]\" value=\"Chalet indipendente\" \/><span class=\"wpcf7-list-item-label\">Chalet indipendente<\/span><\/span><span class=\"wpcf7-list-item\"><input type=\"checkbox\" name=\"tipo_casa[]\" value=\"Casa Rurale\" \/><span class=\"wpcf7-list-item-label\">Casa Rurale<\/span><\/span><span class=\"wpcf7-list-item last\"><input type=\"checkbox\" name=\"tipo_casa[]\" value=\"Altro:\" \/><span class=\"wpcf7-list-item-label\">Altro:<\/span><\/span><\/span><\/span><\/p>\n<div data-id=\"tipo_altro\" data-orig_data_id=\"tipo_altro\"  data-class=\"wpcf7cf_group\"><span class=\"wpcf7-form-control-wrap tipo\"><input type=\"text\" name=\"tipo\" value=\"Specificare\" size=\"40\" class=\"wpcf7-form-control wpcf7-text\" aria-invalid=\"false\" \/><\/span><\/div>\n<\/div>\n<div class=\"intera\">\n<label>Specifiche richieste (Obbligatorio)<\/label><br \/>\n<span class=\"wpcf7-form-control-wrap Caratteristiche\"><span class=\"wpcf7-form-control wpcf7-checkbox wpcf7-validates-as-required\"><span class=\"wpcf7-list-item first\"><input type=\"checkbox\" name=\"Caratteristiche[]\" value=\"Secondo bagno\" \/><span class=\"wpcf7-list-item-label\">Secondo bagno<\/span><\/span><span class=\"wpcf7-list-item\"><input type=\"checkbox\" name=\"Caratteristiche[]\" value=\"Garage\" \/><span class=\"wpcf7-list-item-label\">Garage<\/span><\/span><span class=\"wpcf7-list-item\"><input type=\"checkbox\" name=\"Caratteristiche[]\" value=\"Posto Auto\" \/><span class=\"wpcf7-list-item-label\">Posto Auto<\/span><\/span><span class=\"wpcf7-list-item\"><input type=\"checkbox\" name=\"Caratteristiche[]\" value=\"Giardino\" \/><span class=\"wpcf7-list-item-label\">Giardino<\/span><\/span><span class=\"wpcf7-list-item\"><input type=\"checkbox\" name=\"Caratteristiche[]\" value=\"Ascensore\" \/><span class=\"wpcf7-list-item-label\">Ascensore<\/span><\/span><span class=\"wpcf7-list-item\"><input type=\"checkbox\" name=\"Caratteristiche[]\" value=\"Piscina condominiale\" \/><span class=\"wpcf7-list-item-label\">Piscina condominiale<\/span><\/span><span class=\"wpcf7-list-item\"><input type=\"checkbox\" name=\"Caratteristiche[]\" value=\"Scuole nelle vicinanze\" \/><span class=\"wpcf7-list-item-label\">Scuole nelle vicinanze<\/span><\/span><span class=\"wpcf7-list-item last\"><input type=\"checkbox\" name=\"Caratteristiche[]\" value=\"Altro:\" \/><span class=\"wpcf7-list-item-label\">Altro:<\/span><\/span><\/span><\/span><\/p>\n<div data-id=\"caratteristica_altro\" data-orig_data_id=\"caratteristica_altro\"  data-class=\"wpcf7cf_group\"><span class=\"wpcf7-form-control-wrap caratteristica\"><input type=\"text\" name=\"caratteristica\" value=\"Specificare\" size=\"40\" class=\"wpcf7-form-control wpcf7-text\" aria-invalid=\"false\" \/><\/span><\/div>\n<\/div>\n<div class=\"intera\">\n<label>Zone preferite (Obbligatorio)<\/label><br \/>\n<span class=\"wpcf7-form-control-wrap dove_cerchi\"><span class=\"wpcf7-form-control wpcf7-checkbox wpcf7-validates-as-required\"><span class=\"wpcf7-list-item first\"><input type=\"checkbox\" name=\"dove_cerchi[]\" value=\"Costa del Silencio\" \/><span class=\"wpcf7-list-item-label\">Costa del Silencio<\/span><\/span><span class=\"wpcf7-list-item\"><input type=\"checkbox\" name=\"dove_cerchi[]\" value=\"Las Galletas\" \/><span class=\"wpcf7-list-item-label\">Las Galletas<\/span><\/span><span class=\"wpcf7-list-item\"><input type=\"checkbox\" name=\"dove_cerchi[]\" value=\"Pal Mar\" \/><span class=\"wpcf7-list-item-label\">Pal Mar<\/span><\/span><span class=\"wpcf7-list-item\"><input type=\"checkbox\" name=\"dove_cerchi[]\" value=\"El Fraile\" \/><span class=\"wpcf7-list-item-label\">El Fraile<\/span><\/span><span class=\"wpcf7-list-item\"><input type=\"checkbox\" name=\"dove_cerchi[]\" value=\"Los Cristianos\" \/><span class=\"wpcf7-list-item-label\">Los Cristianos<\/span><\/span><span class=\"wpcf7-list-item\"><input type=\"checkbox\" name=\"dove_cerchi[]\" value=\"Las Americas\" \/><span class=\"wpcf7-list-item-label\">Las Americas<\/span><\/span><span class=\"wpcf7-list-item\"><input type=\"checkbox\" name=\"dove_cerchi[]\" value=\"Las Chafiras\" \/><span class=\"wpcf7-list-item-label\">Las Chafiras<\/span><\/span><span class=\"wpcf7-list-item\"><input type=\"checkbox\" name=\"dove_cerchi[]\" value=\"San Isidro\" \/><span class=\"wpcf7-list-item-label\">San Isidro<\/span><\/span><span class=\"wpcf7-list-item\"><input type=\"checkbox\" name=\"dove_cerchi[]\" value=\"El Medano\" \/><span class=\"wpcf7-list-item-label\">El Medano<\/span><\/span><span class=\"wpcf7-list-item last\"><input type=\"checkbox\" name=\"dove_cerchi[]\" value=\"Altre:\" \/><span class=\"wpcf7-list-item-label\">Altre:<\/span><\/span><\/span><\/span><\/p>\n<div data-id=\"dove_cerchi_altro\" data-orig_data_id=\"dove_cerchi_altro\"  data-class=\"wpcf7cf_group\"><span class=\"wpcf7-form-control-wrap dove_altro\"><input type=\"text\" name=\"dove_altro\" value=\"Specificare\" size=\"40\" class=\"wpcf7-form-control wpcf7-text\" aria-invalid=\"false\" \/><\/span><\/div>\n<\/div>\n<div class=\"intera\">\n<label>Budget disponibile (Obbligatorio)<\/label><br \/>\n<span class=\"wpcf7-form-control-wrap budget_disponibile\"><span class=\"wpcf7-form-control wpcf7-radio\"><span class=\"wpcf7-list-item first\"><input type=\"radio\" name=\"budget_disponibile\" value=\"Fino a 100.000 euro\" \/><span class=\"wpcf7-list-item-label\">Fino a 100.000 euro<\/span><\/span><span class=\"wpcf7-list-item\"><input type=\"radio\" name=\"budget_disponibile\" value=\"fino a 150.000 euro\" \/><span class=\"wpcf7-list-item-label\">fino a 150.000 euro<\/span><\/span><span class=\"wpcf7-list-item\"><input type=\"radio\" name=\"budget_disponibile\" value=\"fino a 200.000 euro\" \/><span class=\"wpcf7-list-item-label\">fino a 200.000 euro<\/span><\/span><span class=\"wpcf7-list-item last\"><input type=\"radio\" name=\"budget_disponibile\" value=\"Budget Superiore\" \/><span class=\"wpcf7-list-item-label\">Budget Superiore<\/span><\/span><\/span><\/span>\n<\/div>\n<div class=\"intera\">\n<label> Note Aggiuntive<br \/>\n    <span class=\"wpcf7-form-control-wrap note\"><textarea name=\"note\" cols=\"40\" rows=\"10\" class=\"wpcf7-form-control wpcf7-textarea\" aria-invalid=\"false\"><\/textarea><\/span> <\/label>\n<\/div>\n<p><label><br \/>\n<span class=\"wpcf7-form-control-wrap privacy\"><span class=\"wpcf7-form-control wpcf7-checkbox wpcf7-validates-as-required\"><span class=\"wpcf7-list-item first last\"><input type=\"checkbox\" name=\"privacy[]\" value=\"Accetto la\" \/><span class=\"wpcf7-list-item-label\">Accetto la<\/span><\/span><\/span><\/span><a href=\"https:\/\/tenerifevistamare.com\/it\/privacy-policy\/\" style=\"text-decoration:none;\">  Politica della Privacy<\/a><br \/>\n<\/label><\/p>\n<div style=\"width:150px; margin:auto;\">\n<input type=\"submit\" value=\"Send\" class=\"wpcf7-form-control has-spinner wpcf7-submit js-teaser-more boton\" \/>\n<\/div>\n<\/div>\n<div class=\"wpcf7-response-output\" aria-hidden=\"true\"><\/div><\/form><\/div><\/p>\n","protected":false},"excerpt":{"rendered":"<p>Cerchi una propriet\u00e1 che si&#8230;<\/p>\n","protected":false},"author":4,"featured_media":12320,"parent":0,"menu_order":0,"comment_status":"closed","ping_status":"closed","template":"","meta":[],"yoast_head":"<!-- This site is optimized with the Yoast SEO plugin v18.1 - https:\/\/yoast.com\/wordpress\/plugins\/seo\/ -->\n<title>Richieste - RD Properties Tenerife - la tua richiesta<\/title>\n<meta name=\"description\" content=\"Cerchi una propriet\u00e1 che si adatti alle tue necessit\u00e1? Completa il seguente questionario. Ti contatteremo nel pi\u00fa breve tempo possibile!\" \/>\n<meta name=\"robots\" content=\"index, follow, max-snippet:-1, max-image-preview:large, max-video-preview:-1\" \/>\n<link rel=\"canonical\" href=\"https:\/\/rdpropertiestenerife.com\/it\/richieste\/\" \/>\n<meta property=\"og:locale\" content=\"it_IT\" \/>\n<meta property=\"og:type\" content=\"article\" \/>\n<meta property=\"og:title\" content=\"Richieste - RD Properties Tenerife - la tua richiesta\" \/>\n<meta property=\"og:description\" content=\"Cerchi una propriet\u00e1 che si adatti alle tue necessit\u00e1? Completa il seguente questionario. Ti contatteremo nel pi\u00fa breve tempo possibile!\" \/>\n<meta property=\"og:url\" content=\"https:\/\/rdpropertiestenerife.com\/it\/richieste\/\" \/>\n<meta property=\"og:site_name\" content=\"RD Properties Tenerife\" \/>\n<meta property=\"article:publisher\" content=\"https:\/\/www.facebook.com\/Tenerife-vista-mare-470063196679172\/\" \/>\n<meta property=\"article:modified_time\" content=\"2019-02-04T16:55:58+00:00\" \/>\n<meta property=\"og:image\" content=\"https:\/\/rdpropertiestenerife.com\/wp-content\/uploads\/2019\/01\/que-buscas.jpg\" \/>\n\t<meta property=\"og:image:width\" content=\"925\" \/>\n\t<meta property=\"og:image:height\" content=\"617\" \/>\n\t<meta property=\"og:image:type\" content=\"image\/jpeg\" \/>\n<meta name=\"twitter:card\" content=\"summary_large_image\" \/>\n<script type=\"application\/ld+json\" class=\"yoast-schema-graph\">{\"@context\":\"https:\/\/schema.org\",\"@graph\":[{\"@type\":\"Organization\",\"@id\":\"https:\/\/rdpropertiestenerife.com\/#organization\",\"name\":\"Tenerife Vista Mare\",\"url\":\"https:\/\/rdpropertiestenerife.com\/\",\"sameAs\":[\"https:\/\/www.facebook.com\/Tenerife-vista-mare-470063196679172\/\"],\"logo\":{\"@type\":\"ImageObject\",\"@id\":\"https:\/\/rdpropertiestenerife.com\/#logo\",\"inLanguage\":\"it-IT\",\"url\":\"https:\/\/rdpropertiestenerife.com\/wp-content\/uploads\/2018\/11\/tf-vista-mare-logo.png\",\"contentUrl\":\"https:\/\/rdpropertiestenerife.com\/wp-content\/uploads\/2018\/11\/tf-vista-mare-logo.png\",\"width\":738,\"height\":278,\"caption\":\"Tenerife Vista Mare\"},\"image\":{\"@id\":\"https:\/\/rdpropertiestenerife.com\/#logo\"}},{\"@type\":\"WebSite\",\"@id\":\"https:\/\/rdpropertiestenerife.com\/#website\",\"url\":\"https:\/\/rdpropertiestenerife.com\/\",\"name\":\"Tenerife Vista Mare\",\"description\":\"your Tenerife Real Estate\",\"publisher\":{\"@id\":\"https:\/\/rdpropertiestenerife.com\/#organization\"},\"potentialAction\":[{\"@type\":\"SearchAction\",\"target\":{\"@type\":\"EntryPoint\",\"urlTemplate\":\"https:\/\/rdpropertiestenerife.com\/?s={search_term_string}\"},\"query-input\":\"required name=search_term_string\"}],\"inLanguage\":\"it-IT\"},{\"@type\":\"ImageObject\",\"@id\":\"https:\/\/rdpropertiestenerife.com\/it\/richieste\/#primaryimage\",\"inLanguage\":\"it-IT\",\"url\":\"https:\/\/rdpropertiestenerife.com\/wp-content\/uploads\/2019\/01\/que-buscas.jpg\",\"contentUrl\":\"https:\/\/rdpropertiestenerife.com\/wp-content\/uploads\/2019\/01\/que-buscas.jpg\",\"width\":925,\"height\":617},{\"@type\":\"WebPage\",\"@id\":\"https:\/\/rdpropertiestenerife.com\/it\/richieste\/#webpage\",\"url\":\"https:\/\/rdpropertiestenerife.com\/it\/richieste\/\",\"name\":\"Richieste - RD Properties Tenerife - la tua richiesta\",\"isPartOf\":{\"@id\":\"https:\/\/rdpropertiestenerife.com\/#website\"},\"primaryImageOfPage\":{\"@id\":\"https:\/\/rdpropertiestenerife.com\/it\/richieste\/#primaryimage\"},\"datePublished\":\"2019-01-24T18:19:27+00:00\",\"dateModified\":\"2019-02-04T16:55:58+00:00\",\"description\":\"Cerchi una propriet\u00e1 che si adatti alle tue necessit\u00e1? Completa il seguente questionario. Ti contatteremo nel pi\u00fa breve tempo possibile!\",\"breadcrumb\":{\"@id\":\"https:\/\/rdpropertiestenerife.com\/it\/richieste\/#breadcrumb\"},\"inLanguage\":\"it-IT\",\"potentialAction\":[{\"@type\":\"ReadAction\",\"target\":[\"https:\/\/rdpropertiestenerife.com\/it\/richieste\/\"]}]},{\"@type\":\"BreadcrumbList\",\"@id\":\"https:\/\/rdpropertiestenerife.com\/it\/richieste\/#breadcrumb\",\"itemListElement\":[{\"@type\":\"ListItem\",\"position\":1,\"name\":\"Home\",\"item\":\"https:\/\/rdpropertiestenerife.com\/it\/\"},{\"@type\":\"ListItem\",\"position\":2,\"name\":\"Richieste\"}]}]}<\/script>\n<!-- \/ Yoast SEO plugin. -->","yoast_head_json":{"title":"Richieste - RD Properties Tenerife - la tua richiesta","description":"Cerchi una propriet\u00e1 che si adatti alle tue necessit\u00e1? Completa il seguente questionario. Ti contatteremo nel pi\u00fa breve tempo possibile!","robots":{"index":"index","follow":"follow","max-snippet":"max-snippet:-1","max-image-preview":"max-image-preview:large","max-video-preview":"max-video-preview:-1"},"canonical":"https:\/\/rdpropertiestenerife.com\/it\/richieste\/","og_locale":"it_IT","og_type":"article","og_title":"Richieste - RD Properties Tenerife - la tua richiesta","og_description":"Cerchi una propriet\u00e1 che si adatti alle tue necessit\u00e1? Completa il seguente questionario. Ti contatteremo nel pi\u00fa breve tempo possibile!","og_url":"https:\/\/rdpropertiestenerife.com\/it\/richieste\/","og_site_name":"RD Properties Tenerife","article_publisher":"https:\/\/www.facebook.com\/Tenerife-vista-mare-470063196679172\/","article_modified_time":"2019-02-04T16:55:58+00:00","og_image":[{"width":925,"height":617,"url":"https:\/\/rdpropertiestenerife.com\/wp-content\/uploads\/2019\/01\/que-buscas.jpg","type":"image\/jpeg"}],"twitter_card":"summary_large_image","schema":{"@context":"https:\/\/schema.org","@graph":[{"@type":"Organization","@id":"https:\/\/rdpropertiestenerife.com\/#organization","name":"Tenerife Vista Mare","url":"https:\/\/rdpropertiestenerife.com\/","sameAs":["https:\/\/www.facebook.com\/Tenerife-vista-mare-470063196679172\/"],"logo":{"@type":"ImageObject","@id":"https:\/\/rdpropertiestenerife.com\/#logo","inLanguage":"it-IT","url":"https:\/\/rdpropertiestenerife.com\/wp-content\/uploads\/2018\/11\/tf-vista-mare-logo.png","contentUrl":"https:\/\/rdpropertiestenerife.com\/wp-content\/uploads\/2018\/11\/tf-vista-mare-logo.png","width":738,"height":278,"caption":"Tenerife Vista Mare"},"image":{"@id":"https:\/\/rdpropertiestenerife.com\/#logo"}},{"@type":"WebSite","@id":"https:\/\/rdpropertiestenerife.com\/#website","url":"https:\/\/rdpropertiestenerife.com\/","name":"Tenerife Vista Mare","description":"your Tenerife Real Estate","publisher":{"@id":"https:\/\/rdpropertiestenerife.com\/#organization"},"potentialAction":[{"@type":"SearchAction","target":{"@type":"EntryPoint","urlTemplate":"https:\/\/rdpropertiestenerife.com\/?s={search_term_string}"},"query-input":"required name=search_term_string"}],"inLanguage":"it-IT"},{"@type":"ImageObject","@id":"https:\/\/rdpropertiestenerife.com\/it\/richieste\/#primaryimage","inLanguage":"it-IT","url":"https:\/\/rdpropertiestenerife.com\/wp-content\/uploads\/2019\/01\/que-buscas.jpg","contentUrl":"https:\/\/rdpropertiestenerife.com\/wp-content\/uploads\/2019\/01\/que-buscas.jpg","width":925,"height":617},{"@type":"WebPage","@id":"https:\/\/rdpropertiestenerife.com\/it\/richieste\/#webpage","url":"https:\/\/rdpropertiestenerife.com\/it\/richieste\/","name":"Richieste - RD Properties Tenerife - la tua richiesta","isPartOf":{"@id":"https:\/\/rdpropertiestenerife.com\/#website"},"primaryImageOfPage":{"@id":"https:\/\/rdpropertiestenerife.com\/it\/richieste\/#primaryimage"},"datePublished":"2019-01-24T18:19:27+00:00","dateModified":"2019-02-04T16:55:58+00:00","description":"Cerchi una propriet\u00e1 che si adatti alle tue necessit\u00e1? Completa il seguente questionario. Ti contatteremo nel pi\u00fa breve tempo possibile!","breadcrumb":{"@id":"https:\/\/rdpropertiestenerife.com\/it\/richieste\/#breadcrumb"},"inLanguage":"it-IT","potentialAction":[{"@type":"ReadAction","target":["https:\/\/rdpropertiestenerife.com\/it\/richieste\/"]}]},{"@type":"BreadcrumbList","@id":"https:\/\/rdpropertiestenerife.com\/it\/richieste\/#breadcrumb","itemListElement":[{"@type":"ListItem","position":1,"name":"Home","item":"https:\/\/rdpropertiestenerife.com\/it\/"},{"@type":"ListItem","position":2,"name":"Richieste"}]}]}},"_links":{"self":[{"href":"https:\/\/rdpropertiestenerife.com\/it\/wp-json\/wp\/v2\/pages\/12309"}],"collection":[{"href":"https:\/\/rdpropertiestenerife.com\/it\/wp-json\/wp\/v2\/pages"}],"about":[{"href":"https:\/\/rdpropertiestenerife.com\/it\/wp-json\/wp\/v2\/types\/page"}],"author":[{"embeddable":true,"href":"https:\/\/rdpropertiestenerife.com\/it\/wp-json\/wp\/v2\/users\/4"}],"replies":[{"embeddable":true,"href":"https:\/\/rdpropertiestenerife.com\/it\/wp-json\/wp\/v2\/comments?post=12309"}],"version-history":[{"count":2,"href":"https:\/\/rdpropertiestenerife.com\/it\/wp-json\/wp\/v2\/pages\/12309\/revisions"}],"predecessor-version":[{"id":12330,"href":"https:\/\/rdpropertiestenerife.com\/it\/wp-json\/wp\/v2\/pages\/12309\/revisions\/12330"}],"wp:featuredmedia":[{"embeddable":true,"href":"https:\/\/rdpropertiestenerife.com\/it\/wp-json\/wp\/v2\/media\/12320"}],"wp:attachment":[{"href":"https:\/\/rdpropertiestenerife.com\/it\/wp-json\/wp\/v2\/media?parent=12309"}],"curies":[{"name":"wp","href":"https:\/\/api.w.org\/{rel}","templated":true}]}}