{"id":11024,"date":"2018-12-29T08:49:58","date_gmt":"2018-12-29T08:49:58","guid":{"rendered":"https:\/\/rdpropertiestenerife.com\/?page_id=11024"},"modified":"2024-06-04T14:34:58","modified_gmt":"2024-06-04T13:34:58","slug":"quien-somos","status":"publish","type":"page","link":"https:\/\/rdpropertiestenerife.com\/es\/quien-somos\/","title":{"rendered":"Quienes somos"},"content":{"rendered":"<div style=\"margin-bottom: 50px; line-height: 22px; padding: 5px;\">\n<p><img loading=\"lazy\" class=\"wp-image-12086 size-full aligncenter\" src=\"https:\/\/rdpropertiestenerife.com\/wp-content\/uploads\/2019\/01\/Transparency.jpg\" alt=\"\" width=\"770\" height=\"400\" srcset=\"https:\/\/rdpropertiestenerife.com\/wp-content\/uploads\/2019\/01\/Transparency.jpg 770w, https:\/\/rdpropertiestenerife.com\/wp-content\/uploads\/2019\/01\/Transparency-768x399.jpg 768w, https:\/\/rdpropertiestenerife.com\/wp-content\/uploads\/2019\/01\/Transparency-230x119.jpg 230w\" sizes=\"(max-width: 770px) 100vw, 770px\" \/>\u00c9TICA Y TRANSPARENCIA,\u00a0son dos palabras muy importantes en las que nos esforzamos. Trabajando en esta industria desde 2001, superando los dif\u00edciles tiempos financieros de los \u00faltimos a\u00f1os, \u00e9tica, honestidad y transparencia es lo que nos ha mantenido a flote.<\/p>\n<p>&nbsp;<\/p>\n<p>Entendemos que\u00a0COMPRANDO O VENDIENDO\u00a0a veces puede ser muy estresante. Aqu\u00ed, en RD Properties hablamos espa\u00f1ol e ingl\u00e9s y queremos ayudar, no solo a comprar o vender su propiedad, sino tambi\u00e9n con toda la documentaci\u00f3n legal durante el proceso.<\/p>\n<p>&nbsp;<\/p>\n<p>Trabajado en el sector inmobiliaria desde el a\u00f1o 1999, tambi\u00e9n poseemos el conocimiento local y sabemos c\u00f3mo funciona el sistema, por lo que aseguramos que podemos ayudarle paso a paso.<\/p>\n<p>&nbsp;<\/p>\n<p>Las preguntas frecuentes que se hacen:<\/p>\n<p>&nbsp;<\/p>\n<p>\u2022 \u00bfQu\u00e9 debo hacer si quiero comprar una propiedad aqu\u00ed en Tenerife?<\/p>\n<p>\u2022 \u00bfQu\u00e9 impuestos debo pagar?<\/p>\n<p>\u2022\u00bfNecesito ser Residente para comprar?<\/p>\n<p>&nbsp;<\/p>\n<p>Todas estas preguntas y m\u00e1s pueden ser respondidos si nos env\u00edas un correo electr\u00f3nico o nos das una simple llamada telef\u00f3nica.<\/p>\n<\/div>\n<div class=\"contenedor-about-us\">\n<div class=\"about-us\">\n<div class=\"about-us-foto\"><img src=\"https:\/\/rdpropertiestenerife.com\/wp-content\/uploads\/2019\/01\/Danny.jpg\" alt=\"Danny\" \/><\/div>\n<div class=\"about-us-description\">\n<h4>Danny Daryanani<\/h4>\n<div>Director de RD Properties.<\/div>\n<div><a href=\"mailto:Info@rdpropertiestenerife.com\">Info@rdpropertiestenerife.com<\/a><\/div>\n<\/div>\n<\/div>\n<div class=\"about-us\">\n<div class=\"about-us-foto\"><\/div>\n<div class=\"about-us-description\">\n<div><\/div>\n<\/div>\n<\/div>\n<div class=\"about-us\">\n<div class=\"about-us-foto\"><img src=\"https:\/\/rdpropertiestenerife.com\/wp-content\/uploads\/2021\/02\/Vienna.jpeg\" alt=\"Vienna\" \/><\/div>\n<div class=\"about-us-description\">\n<h4>Vienna<\/h4>\n<div>Administrador de RD Properties<\/div>\n<div><a href=\"mailto:info@rdpropertiestenerife.com\">info@rdpropertiestenerife.com<\/a><\/div>\n<\/div>\n<\/div>\n<\/div>\n","protected":false},"excerpt":{"rendered":"<p>\u00c9TICA Y TRANSPARENCIA,\u00a0son dos palabras&#8230;<\/p>\n","protected":false},"author":3,"featured_media":12083,"parent":0,"menu_order":0,"comment_status":"closed","ping_status":"closed","template":"","meta":[],"yoast_head":"<!-- This site is optimized with the Yoast SEO plugin v18.1 - https:\/\/yoast.com\/wordpress\/plugins\/seo\/ -->\n<title>Quienes somos - RD Properties Tenerife tenerife - vender - comprar - casas<\/title>\n<meta name=\"description\" content=\"Aqu\u00ed, en RD Properties queremos ayudar, no solo a comprar o vender su propiedad, si, no tambi\u00e9n con toda la documentaci\u00f3n legal durante el proceso y despu\u00e9s.\" \/>\n<meta name=\"robots\" content=\"index, follow, max-snippet:-1, max-image-preview:large, max-video-preview:-1\" \/>\n<link rel=\"canonical\" href=\"https:\/\/rdpropertiestenerife.com\/es\/quien-somos\/\" \/>\n<meta property=\"og:locale\" content=\"es_ES\" \/>\n<meta property=\"og:type\" content=\"article\" \/>\n<meta property=\"og:title\" content=\"Quienes somos - RD Properties Tenerife tenerife - vender - comprar - casas\" \/>\n<meta property=\"og:description\" content=\"Aqu\u00ed, en RD Properties queremos ayudar, no solo a comprar o vender su propiedad, si, no tambi\u00e9n con toda la documentaci\u00f3n legal durante el proceso y despu\u00e9s.\" \/>\n<meta property=\"og:url\" content=\"https:\/\/rdpropertiestenerife.com\/es\/quien-somos\/\" \/>\n<meta property=\"og:site_name\" content=\"RD Properties Tenerife\" \/>\n<meta property=\"article:publisher\" content=\"https:\/\/www.facebook.com\/Tenerife-vista-mare-470063196679172\/\" \/>\n<meta property=\"article:modified_time\" content=\"2024-06-04T13:34:58+00:00\" \/>\n<meta property=\"og:image\" content=\"https:\/\/rdpropertiestenerife.com\/wp-content\/uploads\/2019\/01\/about-us-e1548175880915.jpg\" \/>\n\t<meta property=\"og:image:width\" content=\"487\" \/>\n\t<meta property=\"og:image:height\" content=\"348\" \/>\n\t<meta property=\"og:image:type\" content=\"image\/jpeg\" \/>\n<meta name=\"twitter:card\" content=\"summary_large_image\" \/>\n<meta name=\"twitter:label1\" content=\"Tiempo de lectura\" \/>\n\t<meta name=\"twitter:data1\" content=\"2 minutos\" \/>\n<script type=\"application\/ld+json\" class=\"yoast-schema-graph\">{\"@context\":\"https:\/\/schema.org\",\"@graph\":[{\"@type\":\"Organization\",\"@id\":\"https:\/\/rdpropertiestenerife.com\/#organization\",\"name\":\"Tenerife Vista Mare\",\"url\":\"https:\/\/rdpropertiestenerife.com\/\",\"sameAs\":[\"https:\/\/www.facebook.com\/Tenerife-vista-mare-470063196679172\/\"],\"logo\":{\"@type\":\"ImageObject\",\"@id\":\"https:\/\/rdpropertiestenerife.com\/#logo\",\"inLanguage\":\"es\",\"url\":\"https:\/\/rdpropertiestenerife.com\/wp-content\/uploads\/2018\/11\/tf-vista-mare-logo.png\",\"contentUrl\":\"https:\/\/rdpropertiestenerife.com\/wp-content\/uploads\/2018\/11\/tf-vista-mare-logo.png\",\"width\":738,\"height\":278,\"caption\":\"Tenerife Vista Mare\"},\"image\":{\"@id\":\"https:\/\/rdpropertiestenerife.com\/#logo\"}},{\"@type\":\"WebSite\",\"@id\":\"https:\/\/rdpropertiestenerife.com\/#website\",\"url\":\"https:\/\/rdpropertiestenerife.com\/\",\"name\":\"Tenerife Vista Mare\",\"description\":\"your Tenerife Real Estate\",\"publisher\":{\"@id\":\"https:\/\/rdpropertiestenerife.com\/#organization\"},\"potentialAction\":[{\"@type\":\"SearchAction\",\"target\":{\"@type\":\"EntryPoint\",\"urlTemplate\":\"https:\/\/rdpropertiestenerife.com\/?s={search_term_string}\"},\"query-input\":\"required name=search_term_string\"}],\"inLanguage\":\"es\"},{\"@type\":\"ImageObject\",\"@id\":\"https:\/\/rdpropertiestenerife.com\/es\/quien-somos\/#primaryimage\",\"inLanguage\":\"es\",\"url\":\"https:\/\/rdpropertiestenerife.com\/wp-content\/uploads\/2019\/01\/about-us-e1548175880915.jpg\",\"contentUrl\":\"https:\/\/rdpropertiestenerife.com\/wp-content\/uploads\/2019\/01\/about-us-e1548175880915.jpg\",\"width\":487,\"height\":348},{\"@type\":\"WebPage\",\"@id\":\"https:\/\/rdpropertiestenerife.com\/es\/quien-somos\/#webpage\",\"url\":\"https:\/\/rdpropertiestenerife.com\/es\/quien-somos\/\",\"name\":\"Quienes somos - RD Properties Tenerife tenerife - vender - comprar - casas\",\"isPartOf\":{\"@id\":\"https:\/\/rdpropertiestenerife.com\/#website\"},\"primaryImageOfPage\":{\"@id\":\"https:\/\/rdpropertiestenerife.com\/es\/quien-somos\/#primaryimage\"},\"datePublished\":\"2018-12-29T08:49:58+00:00\",\"dateModified\":\"2024-06-04T13:34:58+00:00\",\"description\":\"Aqu\u00ed, en RD Properties queremos ayudar, no solo a comprar o vender su propiedad, si, no tambi\u00e9n con toda la documentaci\u00f3n legal durante el proceso y despu\u00e9s.\",\"breadcrumb\":{\"@id\":\"https:\/\/rdpropertiestenerife.com\/es\/quien-somos\/#breadcrumb\"},\"inLanguage\":\"es\",\"potentialAction\":[{\"@type\":\"ReadAction\",\"target\":[\"https:\/\/rdpropertiestenerife.com\/es\/quien-somos\/\"]}]},{\"@type\":\"BreadcrumbList\",\"@id\":\"https:\/\/rdpropertiestenerife.com\/es\/quien-somos\/#breadcrumb\",\"itemListElement\":[{\"@type\":\"ListItem\",\"position\":1,\"name\":\"Home\",\"item\":\"https:\/\/rdpropertiestenerife.com\/es\/\"},{\"@type\":\"ListItem\",\"position\":2,\"name\":\"Quienes somos\"}]}]}<\/script>\n<!-- \/ Yoast SEO plugin. -->","yoast_head_json":{"title":"Quienes somos - RD Properties Tenerife tenerife - vender - comprar - casas","description":"Aqu\u00ed, en RD Properties queremos ayudar, no solo a comprar o vender su propiedad, si, no tambi\u00e9n con toda la documentaci\u00f3n legal durante el proceso y despu\u00e9s.","robots":{"index":"index","follow":"follow","max-snippet":"max-snippet:-1","max-image-preview":"max-image-preview:large","max-video-preview":"max-video-preview:-1"},"canonical":"https:\/\/rdpropertiestenerife.com\/es\/quien-somos\/","og_locale":"es_ES","og_type":"article","og_title":"Quienes somos - RD Properties Tenerife tenerife - vender - comprar - casas","og_description":"Aqu\u00ed, en RD Properties queremos ayudar, no solo a comprar o vender su propiedad, si, no tambi\u00e9n con toda la documentaci\u00f3n legal durante el proceso y despu\u00e9s.","og_url":"https:\/\/rdpropertiestenerife.com\/es\/quien-somos\/","og_site_name":"RD Properties Tenerife","article_publisher":"https:\/\/www.facebook.com\/Tenerife-vista-mare-470063196679172\/","article_modified_time":"2024-06-04T13:34:58+00:00","og_image":[{"width":487,"height":348,"url":"https:\/\/rdpropertiestenerife.com\/wp-content\/uploads\/2019\/01\/about-us-e1548175880915.jpg","type":"image\/jpeg"}],"twitter_card":"summary_large_image","twitter_misc":{"Tiempo de lectura":"2 minutos"},"schema":{"@context":"https:\/\/schema.org","@graph":[{"@type":"Organization","@id":"https:\/\/rdpropertiestenerife.com\/#organization","name":"Tenerife Vista Mare","url":"https:\/\/rdpropertiestenerife.com\/","sameAs":["https:\/\/www.facebook.com\/Tenerife-vista-mare-470063196679172\/"],"logo":{"@type":"ImageObject","@id":"https:\/\/rdpropertiestenerife.com\/#logo","inLanguage":"es","url":"https:\/\/rdpropertiestenerife.com\/wp-content\/uploads\/2018\/11\/tf-vista-mare-logo.png","contentUrl":"https:\/\/rdpropertiestenerife.com\/wp-content\/uploads\/2018\/11\/tf-vista-mare-logo.png","width":738,"height":278,"caption":"Tenerife Vista Mare"},"image":{"@id":"https:\/\/rdpropertiestenerife.com\/#logo"}},{"@type":"WebSite","@id":"https:\/\/rdpropertiestenerife.com\/#website","url":"https:\/\/rdpropertiestenerife.com\/","name":"Tenerife Vista Mare","description":"your Tenerife Real Estate","publisher":{"@id":"https:\/\/rdpropertiestenerife.com\/#organization"},"potentialAction":[{"@type":"SearchAction","target":{"@type":"EntryPoint","urlTemplate":"https:\/\/rdpropertiestenerife.com\/?s={search_term_string}"},"query-input":"required name=search_term_string"}],"inLanguage":"es"},{"@type":"ImageObject","@id":"https:\/\/rdpropertiestenerife.com\/es\/quien-somos\/#primaryimage","inLanguage":"es","url":"https:\/\/rdpropertiestenerife.com\/wp-content\/uploads\/2019\/01\/about-us-e1548175880915.jpg","contentUrl":"https:\/\/rdpropertiestenerife.com\/wp-content\/uploads\/2019\/01\/about-us-e1548175880915.jpg","width":487,"height":348},{"@type":"WebPage","@id":"https:\/\/rdpropertiestenerife.com\/es\/quien-somos\/#webpage","url":"https:\/\/rdpropertiestenerife.com\/es\/quien-somos\/","name":"Quienes somos - RD Properties Tenerife tenerife - vender - comprar - casas","isPartOf":{"@id":"https:\/\/rdpropertiestenerife.com\/#website"},"primaryImageOfPage":{"@id":"https:\/\/rdpropertiestenerife.com\/es\/quien-somos\/#primaryimage"},"datePublished":"2018-12-29T08:49:58+00:00","dateModified":"2024-06-04T13:34:58+00:00","description":"Aqu\u00ed, en RD Properties queremos ayudar, no solo a comprar o vender su propiedad, si, no tambi\u00e9n con toda la documentaci\u00f3n legal durante el proceso y despu\u00e9s.","breadcrumb":{"@id":"https:\/\/rdpropertiestenerife.com\/es\/quien-somos\/#breadcrumb"},"inLanguage":"es","potentialAction":[{"@type":"ReadAction","target":["https:\/\/rdpropertiestenerife.com\/es\/quien-somos\/"]}]},{"@type":"BreadcrumbList","@id":"https:\/\/rdpropertiestenerife.com\/es\/quien-somos\/#breadcrumb","itemListElement":[{"@type":"ListItem","position":1,"name":"Home","item":"https:\/\/rdpropertiestenerife.com\/es\/"},{"@type":"ListItem","position":2,"name":"Quienes somos"}]}]}},"_links":{"self":[{"href":"https:\/\/rdpropertiestenerife.com\/es\/wp-json\/wp\/v2\/pages\/11024"}],"collection":[{"href":"https:\/\/rdpropertiestenerife.com\/es\/wp-json\/wp\/v2\/pages"}],"about":[{"href":"https:\/\/rdpropertiestenerife.com\/es\/wp-json\/wp\/v2\/types\/page"}],"author":[{"embeddable":true,"href":"https:\/\/rdpropertiestenerife.com\/es\/wp-json\/wp\/v2\/users\/3"}],"replies":[{"embeddable":true,"href":"https:\/\/rdpropertiestenerife.com\/es\/wp-json\/wp\/v2\/comments?post=11024"}],"version-history":[{"count":21,"href":"https:\/\/rdpropertiestenerife.com\/es\/wp-json\/wp\/v2\/pages\/11024\/revisions"}],"predecessor-version":[{"id":31095,"href":"https:\/\/rdpropertiestenerife.com\/es\/wp-json\/wp\/v2\/pages\/11024\/revisions\/31095"}],"wp:featuredmedia":[{"embeddable":true,"href":"https:\/\/rdpropertiestenerife.com\/es\/wp-json\/wp\/v2\/media\/12083"}],"wp:attachment":[{"href":"https:\/\/rdpropertiestenerife.com\/es\/wp-json\/wp\/v2\/media?parent=11024"}],"curies":[{"name":"wp","href":"https:\/\/api.w.org\/{rel}","templated":true}]}}